{"id":977,"date":"2024-07-11T18:08:42","date_gmt":"2024-07-11T18:08:42","guid":{"rendered":"https:\/\/stoic-raman.147-75-201-41.plesk.page\/perspectivas\/"},"modified":"2025-05-20T13:50:19","modified_gmt":"2025-05-20T13:50:19","slug":"perspectivas","status":"publish","type":"page","link":"https:\/\/ubgretire.com\/es\/perspectivas\/","title":{"rendered":"Ideas y eventos"},"content":{"rendered":"<div class=\"wpb-content-wrapper\"><p>[vc_row full_width=\u00bbstretch_row_content\u00bb background_position_desktop=\u00bbcenter top\u00bb css=\u00bb.vc_custom_1726264191052{margin-bottom: 0px !important;background-image: url(https:\/\/ubgretire.com\/wp-content\/uploads\/2024\/07\/Header-Image_Get-to-Know-Us_M-scaled.jpg?id=69) !important;background-position: center !important;background-repeat: no-repeat !important;background-size: cover !important;}\u00bb el_class=\u00bbheaderrow\u00bb][vc_column css=\u00bb.vc_custom_1720799542297{margin-top: 0px !important;padding-top: 220px !important;}\u00bb][vc_empty_space height=\u00bb125px\u00bb][\/vc_column][\/vc_row][vc_row full_width=\u00bbstretch_row\u00bb css=\u00bb.vc_custom_1726333980627{background-color: #00523DB3 !important;}\u00bb el_class=\u00bbheaderoverlay\u00bb][vc_column css=\u00bb.vc_custom_1726330425656{padding-top: 5px !important;}\u00bb][vc_column_text css=\u00bb.vc_custom_1726331830256{margin-bottom: 0px !important;}\u00bb]\u00a0[\/vc_column_text][vc_column_text css=\u00bb.vc_custom_1737059006559{margin-bottom: -13px !important;}\u00bb el_class=\u00bbteam-headertext\u00bb]<span style=\"color: #ffffff;\">Ideas y eventos.<\/span>[\/vc_column_text][\/vc_column][\/vc_row][vc_row][vc_column][vc_column_text css=\u00bb\u00bb el_class=\u00bbretiremint-toptext\u00bb]Trabajar con Cooperativas es lo que hacemos. Con nuestros muchos a\u00f1os de experiencia, tenemos una visi\u00f3n espec\u00edfica y conocimientos espec\u00edficos del sector para ayudar a tu empresa a tomar la decisi\u00f3n correcta respecto a su plan de jubilaci\u00f3n.[\/vc_column_text][\/vc_column][\/vc_row][vc_row full_width=\u00bbstretch_row\u00bb css=\u00bb.vc_custom_1726339767694{background-color: #E8EFEE !important;}\u00bb el_class=\u00bbfirstpost\u00bb][vc_column]<style>.portfolio.news-grid#style-535b6ad .portfolio-item:not(.size-item), .preloader#style-preloader-535b6ad .portfolio-item { padding: calc(42px\/2) !important; }.portfolio.news-grid#style-535b6ad .portfolio-item.size-item { padding: 0 calc(42px\/2) !important; }.portfolio.news-grid#style-535b6ad .portfolio-row, .preloader#style-preloader-535b6ad .skeleton-posts.portfolio-row { margin: calc(-42px\/2); }.portfolio.news-grid#style-535b6ad.fullwidth-columns .portfolio-row { margin: calc(-42px\/2) 0; }.portfolio.news-grid#style-535b6ad .fullwidth-block:not(.no-paddings) { padding-left: 42px; padding-right: 42px; }.portfolio.news-grid#style-535b6ad .fullwidth-block .portfolio-row { padding-left: calc(42px\/2); padding-right: calc(42px\/2); }.portfolio.news-grid#style-535b6ad .fullwidth-block .portfolio-top-panel { padding-left: 42px; padding-right: 42px; }.portfolio.news-grid#style-535b6ad.fullwidth-columns .with-filter-sidebar .filter-sidebar { padding-left: 42px; }.portfolio.news-grid#style-535b6ad.list-style.with-divider .portfolio-item .wrap:before { top: calc(-42px\/2); }.portfolio.news-grid#style-535b6ad .portfolio-item .caption .title span { letter-spacing: px !important; }.portfolio.news-grid#style-535b6ad .portfolio-item .wrap > .caption { justify-content: center !important; }<\/style><style>.portfolio.news-grid#style-535b6ad .portfolio-filters { text-align: center; }<\/style>[\/vc_column][\/vc_row][vc_row][vc_column][vc_empty_space]<style>.portfolio.news-grid#style-d3661fa .portfolio-item:not(.size-item), .preloader#style-preloader-d3661fa .portfolio-item { padding: calc(42px\/2) !important; }.portfolio.news-grid#style-d3661fa .portfolio-item.size-item { padding: 0 calc(42px\/2) !important; }.portfolio.news-grid#style-d3661fa .portfolio-row, .preloader#style-preloader-d3661fa .skeleton-posts.portfolio-row { margin: calc(-42px\/2); }.portfolio.news-grid#style-d3661fa.fullwidth-columns .portfolio-row { margin: calc(-42px\/2) 0; }.portfolio.news-grid#style-d3661fa .fullwidth-block:not(.no-paddings) { padding-left: 42px; padding-right: 42px; }.portfolio.news-grid#style-d3661fa .fullwidth-block .portfolio-row { padding-left: calc(42px\/2); padding-right: calc(42px\/2); }.portfolio.news-grid#style-d3661fa .fullwidth-block .portfolio-top-panel { padding-left: 42px; padding-right: 42px; }.portfolio.news-grid#style-d3661fa.fullwidth-columns .with-filter-sidebar .filter-sidebar { padding-left: 42px; }.portfolio.news-grid#style-d3661fa.list-style.with-divider .portfolio-item .wrap:before { top: calc(-42px\/2); }.portfolio.news-grid#style-d3661fa .portfolio-item .caption .title span { letter-spacing: px !important; }<\/style><style>.portfolio.news-grid#style-d3661fa .portfolio-filters { text-align: center; }<\/style>[\/vc_column][\/vc_row]<\/p>\n<\/div>","protected":false},"excerpt":{"rendered":"<p>[vc_row full_width=\u00bbstretch_row_content\u00bb background_position_desktop=\u00bbcenter top\u00bb css=\u00bb.vc_custom_1726264191052{margin-bottom: 0px !important;background-image: url(https:\/\/ubgretire.com\/wp-content\/uploads\/2024\/07\/Header-Image_Get-to-Know-Us_M-scaled.jpg?id=69) !important;background-position: center !important;background-repeat: no-repeat !important;background-size: cover !important;}\u00bb el_class=\u00bbheaderrow\u00bb][vc_column css=\u00bb.vc_custom_1720799542297{margin-top: 0px !important;padding-top: 220px&#8230;<\/p>\n","protected":false},"author":1,"featured_media":885,"parent":0,"menu_order":0,"comment_status":"closed","ping_status":"closed","template":"","meta":{"_acf_changed":false,"footnotes":""},"class_list":["post-977","page","type-page","status-publish","has-post-thumbnail"],"acf":[],"_links":{"self":[{"href":"https:\/\/ubgretire.com\/es\/wp-json\/wp\/v2\/pages\/977","targetHints":{"allow":["GET"]}}],"collection":[{"href":"https:\/\/ubgretire.com\/es\/wp-json\/wp\/v2\/pages"}],"about":[{"href":"https:\/\/ubgretire.com\/es\/wp-json\/wp\/v2\/types\/page"}],"author":[{"embeddable":true,"href":"https:\/\/ubgretire.com\/es\/wp-json\/wp\/v2\/users\/1"}],"replies":[{"embeddable":true,"href":"https:\/\/ubgretire.com\/es\/wp-json\/wp\/v2\/comments?post=977"}],"version-history":[{"count":5,"href":"https:\/\/ubgretire.com\/es\/wp-json\/wp\/v2\/pages\/977\/revisions"}],"predecessor-version":[{"id":1846,"href":"https:\/\/ubgretire.com\/es\/wp-json\/wp\/v2\/pages\/977\/revisions\/1846"}],"wp:featuredmedia":[{"embeddable":true,"href":"https:\/\/ubgretire.com\/es\/wp-json\/wp\/v2\/media\/885"}],"wp:attachment":[{"href":"https:\/\/ubgretire.com\/es\/wp-json\/wp\/v2\/media?parent=977"}],"curies":[{"name":"wp","href":"https:\/\/api.w.org\/{rel}","templated":true}]}}