{"id":974,"date":"2024-08-06T18:43:45","date_gmt":"2024-08-06T18:43:45","guid":{"rendered":"https:\/\/stoic-raman.147-75-201-41.plesk.page\/portabilidad\/"},"modified":"2025-05-20T13:50:22","modified_gmt":"2025-05-20T13:50:22","slug":"portabilidad","status":"publish","type":"page","link":"https:\/\/ubgretire.com\/es\/portabilidad\/","title":{"rendered":"Portabilidad"},"content":{"rendered":"<div class=\"wpb-content-wrapper\"><p>[vc_row full_width=\u00bbstretch_row_content\u00bb background_position_desktop=\u00bbcenter top\u00bb css=\u00bb.vc_custom_1726331644353{margin-bottom: 0px !important;background-image: url(https:\/\/ubgretire.com\/wp-content\/uploads\/2024\/07\/Header-Image_Plan-RetireMint-1-scaled.jpg?id=58) !important;background-position: center !important;background-repeat: no-repeat !important;background-size: cover !important;}\u00bb el_class=\u00bbheaderrow\u00bb][vc_column css=\u00bb.vc_custom_1720799542297{margin-top: 0px !important;padding-top: 220px !important;}\u00bb][vc_empty_space height=\u00bb125px\u00bb][\/vc_column][\/vc_row][vc_row full_width=\u00bbstretch_row\u00bb css=\u00bb.vc_custom_1726334138621{background-color: #00523DB3 !important;}\u00bb el_class=\u00bbheaderoverlay\u00bb][vc_column css=\u00bb.vc_custom_1726330425656{padding-top: 5px !important;}\u00bb][vc_column_text css=\u00bb.vc_custom_1726331830256{margin-bottom: 0px !important;}\u00bb]\u00a0[\/vc_column_text][vc_column_text css=\u00bb.vc_custom_1739220355562{margin-bottom: -13px !important;}\u00bb el_class=\u00bbteam-headertext\u00bb]<span style=\"color: #ffffff;\">Portabilidad.<\/span>[\/vc_column_text][\/vc_column][\/vc_row][vc_row][vc_column][vc_column_text css=\u00bb\u00bb el_class=\u00bbretiremint-toptext\u00bb]<\/p>\n<div class=\"page\" title=\"Page 1\">\n<div class=\"section\">\n<div class=\"layoutArea\">\n<div class=\"column\">\n<p>RetireMint es excepcional porque ayuda a los participantes a conseguir un sueldo de por vida cuando dejan de trabajar. Tambi\u00e9n es excepcional por la flexibilidad que proporciona mientras trabajan. <\/p>\n<div class=\"page\" title=\"P\u00e1gina 1\">\n<div class=\"section\">\n<div class=\"layoutArea\">\n<div class=\"column\">\n<p>M\u00e1s de 300 empresas est\u00e1n conectadas a trav\u00e9s de su inversi\u00f3n compartida en RetireMint y un objetivo com\u00fan: trabajar en beneficio mutuo de sus comunidades. Para los empleados, significa flexibilidad para transferir RetireMint si aceptan un puesto en una de las empresas conectadas al Plan. <\/p><\/div>\n<\/div>\n<\/div>\n<\/div>\n<\/div>\n<\/div>\n<\/div>\n<\/div>\n<p>[\/vc_column_text][\/vc_column][\/vc_row][vc_row css=\u00bb.vc_custom_1739220397483{margin-bottom: 0px !important;}\u00bb][vc_column][vc_column_text css=\u00bb\u00bb]<div class=\"thegem-template-wrapper thegem-template-content thegem-template-1147\"><style>.vc_custom_1720725906463{background-image: url(https:\/\/ubgretire.com\/wp-content\/uploads\/2024\/07\/Home_Map-Background-scaled.jpg?id=40) !important;}<\/style><p>[vc_row full_width=\"stretch_row\" content_placement=\"middle\" css=\".vc_custom_1720725906463{background-image: url(https:\/\/ubgretire.com\/wp-content\/uploads\/2024\/07\/Home_Map-Background-scaled.jpg?id=40) !important;}\"][vc_column][vc_column_text css=\"\"]<\/p>\n<h2><span style=\"color: #00523d;\">RetireMint grows in 13 states.<\/span><\/h2>\n<p>[\/vc_column_text][vc_row_inner el_class=\"statesrow\"][vc_column_inner width=\"1\/3\"][vc_column_text css=\"\" el_class=\"front-retirementtext\"]<\/p>\n<div>\n<p class=\"BasicParagraph\">Plan participants appreciate RetireMint\u2019s portability, which allows them to transfer their benefit to one of nearly 300 participating co-op employers located across 13 states.<\/p>\n<\/div>\n<p>[\/vc_column_text][vc_column_text css=\"\"]<strong>To see if your co-op participates in RetireMint, select your state below:<\/strong>[\/vc_column_text][vc_raw_html css=\"\"]JTNDc2VsZWN0JTIwaWQlM0QlMjJzdGF0ZS1zZWxlY3QlMjIlM0UlMEElMjAlMjAlMjAlMjAlM0NvcHRpb24lMjB2YWx1ZSUzRCUyMiUyMiUzRVNlbGVjdCUyMFN0YXRlJTNDJTJGb3B0aW9uJTNFJTBBJTIwJTIwJTIwJTIwJTNDb3B0aW9uJTIwdmFsdWUlM0QlMjJjb2xvcmFkbyUyMiUzRUNvbG9yYWRvJTNDJTJGb3B0aW9uJTNFJTBBJTIwJTIwJTIwJTIwJTNDb3B0aW9uJTIwdmFsdWUlM0QlMjJpbGxpbm9pcyUyMiUzRUlsbGlub2lzJTNDJTJGb3B0aW9uJTNFJTBBJTIwJTIwJTIwJTIwJTNDb3B0aW9uJTIwdmFsdWUlM0QlMjJpb3dhJTIyJTNFSW93YSUzQyUyRm9wdGlvbiUzRSUwQSUyMCUyMCUyMCUyMCUzQ29wdGlvbiUyMHZhbHVlJTNEJTIya2Fuc2FzJTIyJTNFS2Fuc2FzJTNDJTJGb3B0aW9uJTNFJTBBJTIwJTIwJTIwJTIwJTNDb3B0aW9uJTIwdmFsdWUlM0QlMjJrZW50dWNreSUyMiUzRUtlbnR1Y2t5JTNDJTJGb3B0aW9uJTNFJTBBJTIwJTIwJTIwJTIwJTNDb3B0aW9uJTIwdmFsdWUlM0QlMjJtaW5uZXNvdGElMjIlM0VNaW5uZXNvdGElM0MlMkZvcHRpb24lM0UlMEElMjAlMjAlMjAlMjAlM0NvcHRpb24lMjB2YWx1ZSUzRCUyMm1pc3NvdXJpJTIyJTNFTWlzc291cmklM0MlMkZvcHRpb24lM0UlMEElMjAlMjAlMjAlMjAlM0NvcHRpb24lMjB2YWx1ZSUzRCUyMm5lYnJhc2thJTIyJTNFTmVicmFza2ElM0MlMkZvcHRpb24lM0UlMEElMjAlMjAlMjAlMjAlM0NvcHRpb24lMjB2YWx1ZSUzRCUyMm5vcnRoLWRha290YSUyMiUzRU5vcnRoJTIwRGFrb3RhJTNDJTJGb3B0aW9uJTNFJTBBJTIwJTIwJTIwJTIwJTNDb3B0aW9uJTIwdmFsdWUlM0QlMjJva2xhaG9tYSUyMiUzRU9rbGFob21hJTNDJTJGb3B0aW9uJTNFJTBBJTIwJTIwJTIwJTIwJTNDb3B0aW9uJTIwdmFsdWUlM0QlMjJzb3V0aC1kYWtvdGElMjIlM0VTb3V0aCUyMERha290YSUzQyUyRm9wdGlvbiUzRSUwQSUyMCUyMCUyMCUyMCUzQ29wdGlvbiUyMHZhbHVlJTNEJTIydGV4YXMlMjIlM0VUZXhhcyUzQyUyRm9wdGlvbiUzRSUwQSUyMCUyMCUyMCUyMCUzQ29wdGlvbiUyMHZhbHVlJTNEJTIyd3lvbWluZyUyMiUzRVd5b21pbmclM0MlMkZvcHRpb24lM0UlMEElM0MlMkZzZWxlY3QlM0UlMEElMEElM0NzY3JpcHQlM0UlMEElMjAlMjAlMjAlMjAlMjAlMjBkb2N1bWVudC5nZXRFbGVtZW50QnlJZCUyOCUyN3N0YXRlLXNlbGVjdCUyNyUyOS5hZGRFdmVudExpc3RlbmVyJTI4JTI3Y2hhbmdlJTI3JTJDJTIwZnVuY3Rpb24lMjglMjklMjAlN0IlMEElMjAlMjAlMjAlMjAlMjAlMjAlMjAlMjB2YXIlMjBzdGF0ZSUyMCUzRCUyMHRoaXMudmFsdWUlM0IlMEElMjAlMjAlMjAlMjAlMjAlMjAlMjAlMjBpZiUyMCUyOHN0YXRlJTI5JTIwJTdCJTBBJTIwJTIwJTIwJTIwJTIwJTIwJTIwJTIwJTIwJTIwJTIwJTIwdmFyJTIwdXJscyUyMCUzRCUyMCU3QiUwQSUyMCUyMCUyMCUyMCUyMCUyMCUyMCUyMCUyMCUyMCUyMCUyMCUyMCUyMCUyMCUyMCUyMmNvbG9yYWRvJTIyJTNBJTIwJTIyJTJGcG9ydGFiaWxpdHktc3RhdGUtZGV0YWlscyUzRnN0YXRlJTNENCUyMiUyQyUwQSUyMCUyMCUyMCUyMCUyMCUyMCUyMCUyMCUyMCUyMCUyMCUyMCUyMCUyMCUyMCUyMCUyMmlsbGlub2lzJTIyJTNBJTIwJTIyJTJGcG9ydGFiaWxpdHktc3RhdGUtZGV0YWlscyUzRnN0YXRlJTNEOSUyMiUyQyUwQSUyMCUyMCUyMCUyMCUyMCUyMCUyMCUyMCUyMCUyMCUyMCUyMCUyMCUyMCUyMCUyMCUyMmlvd2ElMjIlM0ElMjAlMjIlMkZwb3J0YWJpbGl0eS1zdGF0ZS1kZXRhaWxzJTNGc3RhdGUlM0QxMCUyMiUyQyUwQSUyMCUyMCUyMCUyMCUyMCUyMCUyMCUyMCUyMCUyMCUyMCUyMCUyMCUyMCUyMCUyMCUyMmthbnNhcyUyMiUzQSUyMCUyMiUyRnBvcnRhYmlsaXR5LXN0YXRlLWRldGFpbHMlM0ZzdGF0ZSUzRDExJTIyJTJDJTBBJTIwJTIwJTIwJTIwJTIwJTIwJTIwJTIwJTIwJTIwJTIwJTIwJTIwJTIwJTIwJTIwJTIya2VudHVja3klMjIlM0ElMjAlMjIlMkZwb3J0YWJpbGl0eS1zdGF0ZS1kZXRhaWxzJTNGc3RhdGUlM0QxMiUyMiUyQyUwQSUyMCUyMCUyMCUyMCUyMCUyMCUyMCUyMCUyMCUyMCUyMCUyMCUyMCUyMCUyMCUyMCUyMm1pbm5lc290YSUyMiUzQSUyMCUyMiUyRnBvcnRhYmlsaXR5LXN0YXRlLWRldGFpbHMlM0ZzdGF0ZSUzRDEzJTIyJTJDJTBBJTIwJTIwJTIwJTIwJTIwJTIwJTIwJTIwJTIwJTIwJTIwJTIwJTIwJTIwJTIwJTIwJTIybWlzc291cmklMjIlM0ElMjAlMjIlMkZwb3J0YWJpbGl0eS1zdGF0ZS1kZXRhaWxzJTNGc3RhdGUlM0QxNCUyMiUyQyUwQSUyMCUyMCUyMCUyMCUyMCUyMCUyMCUyMCUyMCUyMCUyMCUyMCUyMCUyMCUyMCUyMCUyMm5lYnJhc2thJTIyJTNBJTIwJTIyJTJGcG9ydGFiaWxpdHktc3RhdGUtZGV0YWlscyUzRnN0YXRlJTNEMTUlMjIlMkMlMEElMjAlMjAlMjAlMjAlMjAlMjAlMjAlMjAlMjAlMjAlMjAlMjAlMjAlMjAlMjAlMjAlMjJub3J0aC1kYWtvdGElMjIlM0ElMjAlMjIlMkZwb3J0YWJpbGl0eS1zdGF0ZS1kZXRhaWxzJTNGc3RhdGUlM0QxNiUyMiUyQyUwQSUyMCUyMCUyMCUyMCUyMCUyMCUyMCUyMCUyMCUyMCUyMCUyMCUyMCUyMCUyMCUyMCUyMm9rbGFob21hJTIyJTNBJTIwJTIyJTJGcG9ydGFiaWxpdHktc3RhdGUtZGV0YWlscyUzRnN0YXRlJTNEMTclMjIlMkMlMEElMjAlMjAlMjAlMjAlMjAlMjAlMjAlMjAlMjAlMjAlMjAlMjAlMjAlMjAlMjAlMjAlMjJzb3V0aC1kYWtvdGElMjIlM0ElMjAlMjIlMkZwb3J0YWJpbGl0eS1zdGF0ZS1kZXRhaWxzJTNGc3RhdGUlM0QxOCUyMiUyQyUwQSUyMCUyMCUyMCUyMCUyMCUyMCUyMCUyMCUyMCUyMCUyMCUyMCUyMCUyMCUyMCUyMCUyMnRleGFzJTIyJTNBJTIwJTIyJTJGcG9ydGFiaWxpdHktc3RhdGUtZGV0YWlscyUzRnN0YXRlJTNEMTklMjIlMkMlMEElMjAlMjAlMjAlMjAlMjAlMjAlMjAlMjAlMjAlMjAlMjAlMjAlMjAlMjAlMjAlMjAlMjJ3eW9taW5nJTIyJTNBJTIwJTIyJTJGcG9ydGFiaWxpdHktc3RhdGUtZGV0YWlscyUzRnN0YXRlJTNEMjAlMjIlMEElMjAlMjAlMjAlMjAlMjAlMjAlMjAlMjAlMjAlMjAlMjAlMjAlN0QlM0IlMEElMEElMjAlMjAlMjAlMjAlMjAlMjAlMjAlMjAlMjAlMjAlMjAlMjAlMkYlMkYlMjBOYXZpZ2F0ZSUyMHRvJTIwdGhlJTIwbmV3JTIwVVJMJTIwd2l0aG91dCUyMGhhc2glMEElMjAlMjAlMjAlMjAlMjAlMjAlMjAlMjAlMjAlMjAlMjAlMjB3aW5kb3cubG9jYXRpb24uaHJlZiUyMCUzRCUyMHVybHMlNUJzdGF0ZSU1RCUzQiUwQSUyMCUyMCUyMCUyMCUyMCUyMCUyMCUyMCU3RCUwQSUyMCUyMCUyMCUyMCU3RCUyOSUzQiUwQSUzQyUyRnNjcmlwdCUzRSUwQQ==[\/vc_raw_html][\/vc_column_inner][vc_column_inner width=\"2\/3\"][vc_column_text css=\"\"][vc_raw_html css=\"\"]JTNDZGl2JTIwY2xhc3MlM0QlMjJtYXAtY29udGFpbmVyJTIyJTNFJTBBJTIwJTIwJTIwJTIwJTIwJTIwJTIwJTIwJTNDaW1nJTIwaWQlM0QlMjJtYXAlMjIlMjBzcmMlM0QlMjIlMkZ3cC1jb250ZW50JTJGdXBsb2FkcyUyRjIwMjQlMkYxMiUyRkRpcmVjdG9yeS1NYXBfU1RBVElDLnBuZyUyMiUyMHVzZW1hcCUzRCUyMiUyM3VzbWFwJTIyJTIwYWx0JTNEJTIyVVMlMjBNYXAlMjIlMjBzdHlsZSUzRCUyMndpZHRoJTNBJTIwMTAwJTI1JTNCJTIyJTNFJTBBJTNDbWFwJTIwbmFtZSUzRCUyMnVzbWFwJTIyJTNFJTBBJTIwJTIwJTIwJTIwJTNDYXJlYSUyMHRhcmdldCUzRCUyMl9zZWxmJTIyJTIwZGF0YS1zdGF0ZSUzRCUyMld5b21pbmclMjIlMjB0aXRsZSUzRCUyMld5b21pbmclMjIlMjBocmVmJTNEJTIyJTJGcG9ydGFiaWxpdHktc3RhdGUtZGV0YWlscyUyRiUzRnN0YXRlJTNEMjAlMjIlMjBjb29yZHMlM0QlMjI0OTclMkM0MDklMkM2NzUlMkM0MzMlMkM2NjQlMkM1NjUlMkM0NzclMkM1NDYlMjIlMjBzaGFwZSUzRCUyMnBvbHklMjIlMjBkYXRhLWNvb3JkcyUzRCUyMjU3MCUyQzQ5NSUyMiUzRSUwQSUyMCUyMCUyMCUyMCUzQ2FyZWElMjB0YXJnZXQlM0QlMjJfc2VsZiUyMiUyMGRhdGEtc3RhdGUlM0QlMjJDb2xvcmFkbyUyMiUyMHRpdGxlJTNEJTIyQ29sb3JhZG8lMjIlMjBocmVmJTNEJTIyJTJGcG9ydGFiaWxpdHktc3RhdGUtZGV0YWlscyUyRiUzRnN0YXRlJTNENCUyMiUyMGNvb3JkcyUzRCUyMjUzMSUyQzU3NyUyQzcyNSUyQzYwMyUyQzcxNCUyQzczOCUyQzUxNSUyQzcxNiUyMiUyMHNoYXBlJTNEJTIycG9seSUyMiUyMGRhdGEtY29vcmRzJTNEJTIyNjA3JTJDNjY2JTIyJTNFJTBBJTIwJTIwJTIwJTIwJTNDYXJlYSUyMHRhcmdldCUzRCUyMl9zZWxmJTIyJTIwZGF0YS1zdGF0ZSUzRCUyMk5vcnRoJTIwRGFrb3RhJTIyJTIwdGl0bGUlM0QlMjJOb3J0aCUyMERha290YSUyMiUyMGhyZWYlM0QlMjIlMkZwb3J0YWJpbGl0eS1zdGF0ZS1kZXRhaWxzJTJGJTNGc3RhdGUlM0QxNiUyMiUyMGNvb3JkcyUzRCUyMjcxNCUyQzI2NiUyQzg3NCUyQzI3NyUyQzg5MCUyQzM3NyUyQzcwNyUyQzM2OSUyMiUyMHNoYXBlJTNEJTIycG9seSUyMiUyMGRhdGEtY29vcmRzJTNEJTIyNzg1JTJDMzI5JTIyJTNFJTBBJTIwJTIwJTIwJTIwJTNDYXJlYSUyMHRhcmdldCUzRCUyMl9zZWxmJTIyJTIwZGF0YS1zdGF0ZSUzRCUyMlNvdXRoJTIwRGFrb3RhJTIyJTIwdGl0bGUlM0QlMjJTb3V0aCUyMERha290YSUyMiUyMGhyZWYlM0QlMjIlMkZwb3J0YWJpbGl0eS1zdGF0ZS1kZXRhaWxzJTJGJTNGc3RhdGUlM0QxOCUyMiUyMGNvb3JkcyUzRCUyMjcwNCUyQzM5OCUyQzg4NyUyQzQwMiUyQzg5MiUyQzUwMyUyQzY5NiUyQzQ4NyUyMiUyMHNoYXBlJTNEJTIycG9seSUyMiUyMGRhdGEtY29vcmRzJTNEJTIyNzgxJTJDNDQyJTIyJTNFJTBBJTIwJTIwJTIwJTIwJTNDYXJlYSUyMHRhcmdldCUzRCUyMl9zZWxmJTIyJTIwZGF0YS1zdGF0ZSUzRCUyMk5lYnJhc2thJTIyJTIwdGl0bGUlM0QlMjJOZWJyYXNrYSUyMiUyMGhyZWYlM0QlMjIlMkZwb3J0YWJpbGl0eS1zdGF0ZS1kZXRhaWxzJTJGJTNGc3RhdGUlM0QxNSUyMiUyMGNvb3JkcyUzRCUyMjY5MyUyQzUxNCUyQzg5MyUyQzU0MiUyQzkxNyUyQzYxNCUyQzc1MCUyQzYxNyUyQzc1NyUyQzU3MSUyQzY5MCUyQzU2NiUyMiUyMHNoYXBlJTNEJTIycG9seSUyMiUyMGRhdGEtY29vcmRzJTNEJTIyNzk3JTJDNTczJTIyJTNFJTBBJTIwJTIwJTIwJTIwJTNDYXJlYSUyMHRhcmdldCUzRCUyMl9zZWxmJTIyJTIwZGF0YS1zdGF0ZSUzRCUyMkthbnNhcyUyMiUyMHRpdGxlJTNEJTIyS2Fuc2FzJTIyJTIwaHJlZiUzRCUyMiUyRnBvcnRhYmlsaXR5LXN0YXRlLWRldGFpbHMlMkYlM0ZzdGF0ZSUzRDExJTIyJTIwY29vcmRzJTNEJTIyNzQyJTJDNjQ0JTJDOTQxJTJDNjUxJTJDOTU0JTJDNzM2JTJDNzQxJTJDNzMzJTIyJTIwc2hhcGUlM0QlMjJwb2x5JTIyJTIwZGF0YS1jb29yZHMlM0QlMjI4MzQlMkM3MDAlMjIlM0UlMEElMjAlMjAlMjAlMjAlM0NhcmVhJTIwdGFyZ2V0JTNEJTIyX3NlbGYlMjIlMjBkYXRhLXN0YXRlJTNEJTIyT2tsYWhvbWElMjIlMjB0aXRsZSUzRCUyMk9rbGFob21hJTIyJTIwaHJlZiUzRCUyMiUyRnBvcnRhYmlsaXR5LXN0YXRlLWRldGFpbHMlMkYlM0ZzdGF0ZSUzRDE3JTIyJTIwY29vcmRzJTNEJTIyODA0JTJDNzY1JTJDOTUyJTJDNzcwJTJDOTYwJTJDODcwJTJDODU3JTJDODY3JTJDODAzJTJDODQzJTIyJTIwc2hhcGUlM0QlMjJwb2x5JTIyJTIwZGF0YS1jb29yZHMlM0QlMjI4NzYlMkM4MjQlMjIlM0UlMEElMjAlMjAlMjAlMjAlM0NhcmVhJTIwdGFyZ2V0JTNEJTIyX3NlbGYlMjIlMjBkYXRhLXN0YXRlJTNEJTIyVGV4YXMlMjIlMjB0aXRsZSUzRCUyMlRleGFzJTIyJTIwaHJlZiUzRCUyMiUyRnBvcnRhYmlsaXR5LXN0YXRlLWRldGFpbHMlMkYlM0ZzdGF0ZSUzRDE5JTIyJTIwY29vcmRzJTNEJTIyNzA2JTJDNzg5JTJDNzc2JTJDNzkyJTJDNzc0JTJDODcwJTJDOTA0JTJDOTEwJTJDOTc0JTJDOTEwJTJDOTg2JTJDMTAyOSUyQzg5NSUyQzEwODglMkM4NTUlMkMxMTI0JTJDODQyJTJDMTE3NCUyQzc3OSUyQzEwOTQlMkM3NTglMkMxMDI2JTJDNjkzJTJDMTAxOSUyQzY1MiUyQzEwNDUlMkM2MDIlMkM5NjIlMkM3MDElMkM5NTklMjIlMjBzaGFwZSUzRCUyMnBvbHklMjIlMjBkYXRhLWNvb3JkcyUzRCUyMjgxMiUyQzk5OSUyMiUzRSUwQSUyMCUyMCUyMCUyMCUzQ2FyZWElMjB0YXJnZXQlM0QlMjJfc2VsZiUyMiUyMGRhdGEtc3RhdGUlM0QlMjJNaW5uZXNvdGElMjIlMjB0aXRsZSUzRCUyMk1pbm5lc290YSUyMiUyMGhyZWYlM0QlMjIlMkZwb3J0YWJpbGl0eS1zdGF0ZS1kZXRhaWxzJTJGJTNGc3RhdGUlM0QxMyUyMiUyMGNvb3JkcyUzRCUyMjkwOSUyQzI4MiUyQzEwNDMlMkMzMTUlMkM5OTIlMkM0MTQlMkMxMDIyJTJDNDY2JTJDOTIwJTJDNDcyJTIyJTIwc2hhcGUlM0QlMjJwb2x5JTIyJTIwZGF0YS1jb29yZHMlM0QlMjI5NDclMkMzOTclMjIlM0UlMEElMjAlMjAlMjAlMjAlM0NhcmVhJTIwdGFyZ2V0JTNEJTIyX3NlbGYlMjIlMjBkYXRhLXN0YXRlJTNEJTIySW93YSUyMiUyMHRpdGxlJTNEJTIySW93YSUyMiUyMGhyZWYlM0QlMjIlMkZwb3J0YWJpbGl0eS1zdGF0ZS1kZXRhaWxzJTJGJTNGc3RhdGUlM0QxMCUyMiUyMGNvb3JkcyUzRCUyMjkyMCUyQzUwNCUyQzEwNTIlMkM0OTglMkMxMDc4JTJDNTQ0JTJDMTA1NiUyQzU4NSUyQzk0MSUyQzU5MCUyMiUyMHNoYXBlJTNEJTIycG9seSUyMiUyMGRhdGEtY29vcmRzJTNEJTIyOTk1JTJDNTUzJTIyJTNFJTBBJTIwJTIwJTIwJTIwJTNDYXJlYSUyMHRhcmdldCUzRCUyMl9zZWxmJTIyJTIwZGF0YS1zdGF0ZSUzRCUyMk1pc3NvdXJpJTIyJTIwdGl0bGUlM0QlMjJNaXNzb3VyaSUyMiUyMGhyZWYlM0QlMjIlMkZwb3J0YWJpbGl0eS1zdGF0ZS1kZXRhaWxzJTJGJTNGc3RhdGUlM0QxNCUyMiUyMGNvb3JkcyUzRCUyMjk2NSUyQzYyMyUyQzEwNDYlMkM2MjAlMkMxMTI0JTJDNzU1JTJDOTgxJTJDNzYwJTIyJTIwc2hhcGUlM0QlMjJwb2x5JTIyJTIwZGF0YS1jb29yZHMlM0QlMjIxMDIwJTJDNzE2JTIyJTNFJTBBJTIwJTIwJTIwJTIwJTNDYXJlYSUyMHRhcmdldCUzRCUyMl9zZWxmJTIyJTIwZGF0YS1zdGF0ZSUzRCUyMldpc2NvbnNpbiUyMiUyMHRpdGxlJTNEJTIyV2lzY29uc2luJTIyJTIwaHJlZiUzRCUyMiUyMyUyMiUyMGNvb3JkcyUzRCUyMjEwNDYlMkMzNjklMkMxMTUxJTJDNDAyJTJDMTE1NiUyQzUwNiUyQzEwODklMkM1MDklMkMxMDcyJTJDNDYwJTJDMTAzMCUyQzQyNiUyMiUyMHNoYXBlJTNEJTIycG9seSUyMiUyMGRhdGEtY29vcmRzJTNEJTIyMTA4NCUyQzQyMyUyMiUzRSUwQSUyMCUyMCUyMCUyMCUzQ2FyZWElMjB0YXJnZXQlM0QlMjJfc2VsZiUyMiUyMGRhdGEtc3RhdGUlM0QlMjJJbGxpbm9pcyUyMiUyMHRpdGxlJTNEJTIySWxsaW5vaXMlMjIlMjBocmVmJTNEJTIyJTJGcG9ydGFiaWxpdHktc3RhdGUtZGV0YWlscyUyRiUzRnN0YXRlJTNEOSUyMiUyMGNvb3JkcyUzRCUyMjExMTMlMkM1MzklMkMxMTYyJTJDNTM4JTJDMTE3NyUyQzY3MCUyQzExNTElMkM3MjQlMkMxMTE2JTJDNjkwJTJDMTA3OCUyQzYxOSUyMiUyMHNoYXBlJTNEJTIycG9seSUyMiUyMGRhdGEtY29vcmRzJTNEJTIyMTEyMiUyQzYzNSUyMiUzRSUwQSUyMCUyMCUyMCUyMCUzQ2FyZWElMjB0YXJnZXQlM0QlMjJfc2VsZiUyMiUyMGRhdGEtc3RhdGUlM0QlMjJLZW50dWNreSUyMiUyMHRpdGxlJTNEJTIyS2VudHVja3klMjIlMjBocmVmJTNEJTIyJTJGcG9ydGFiaWxpdHktc3RhdGUtZGV0YWlscyUyRiUzRnN0YXRlJTNEMTIlMjIlMjBjb29yZHMlM0QlMjIxMTc1JTJDNzQ0JTJDMTI0MiUyQzcwOCUyQzEyODUlMkM2NzElMkMxMzM0JTJDNjc0JTJDMTM1MCUyQzcwNSUyQzEzMTclMkM3NDAlMkMxMjQ3JTJDNzQ0JTIyJTIwc2hhcGUlM0QlMjJwb2x5JTIyJTIwZGF0YS1jb29yZHMlM0QlMjIxMjczJTJDNzE1JTIyJTNFJTBBJTNDJTJGbWFwJTNFJTBBJTBBJTBBJTIwJTIwJTIwJTIwJTIwJTIwJTIwJTIwJTNDc3ZnJTIwaWQlM0QlMjJvdmVybGF5JTIyJTIwY2xhc3MlM0QlMjJvdmVybGF5JTIyJTIwc3R5bGUlM0QlMjJwb3NpdGlvbiUzQWFic29sdXRlJTNCJTIwdG9wJTNBMCUzQiUyMGxlZnQlM0EwJTNCJTIwd2lkdGglM0ExMDAlMjUlM0IlMjBoZWlnaHQlM0ExMDAlMjUlM0IlMjBwb2ludGVyLWV2ZW50cyUzQW5vbmUlM0IlMjIlM0UlMEElMjAlMjAlMjAlMjAlMjAlMjAlMjAlMjAlMjAlMjAlMjAlMjAlM0NjaXJjbGUlMjBpZCUzRCUyMnN0YXRlQ2lyY2xlJTIyJTIwciUzRCUyMjEwJTIyJTIwZmlsbCUzRCUyMndoaXRlJTIyJTIwb3BhY2l0eSUzRCUyMjAuNyUyMiUyMHZpc2liaWxpdHklM0QlMjJoaWRkZW4lMjIlM0UlM0MlMkZjaXJjbGUlM0UlMEElMjAlMjAlMjAlMjAlMjAlMjAlMjAlMjAlMjAlMjAlMjAlMjAlM0N0ZXh0JTIwaWQlM0QlMjJzdGF0ZVRleHQlMjIlMjB4JTNEJTIyMCUyMiUyMHklM0QlMjIwJTIyJTIwZm9udC1zaXplJTNEJTIyMTUlMjIlMjB0ZXh0LWFuY2hvciUzRCUyMm1pZGRsZSUyMiUyMGZpbGwlM0QlMjJncmVlbiUyMiUyMHZpc2liaWxpdHklM0QlMjJoaWRkZW4lMjIlM0UlM0MlMkZ0ZXh0JTNFJTBBJTIwJTIwJTIwJTIwJTIwJTIwJTIwJTIwJTNDJTJGc3ZnJTNFJTBBJTIwJTIwJTIwJTIwJTNDJTJGZGl2JTNFJTBBJTIwJTIwJTIwJTIwJTNDc2NyaXB0JTIwc3JjJTNEJTIyaHR0cHMlM0ElMkYlMkZjZG5qcy5jbG91ZGZsYXJlLmNvbSUyRmFqYXglMkZsaWJzJTJGaW1hZ2UtbWFwLXJlc2l6ZXIlMkYxLjAuMTAlMkZqcyUyRmltYWdlTWFwUmVzaXplci5taW4uanMlMjIlM0UlM0MlMkZzY3JpcHQlM0UlMEElMjAlMjAlMjAlMjAlM0NzY3JpcHQlM0UlMEElMjAlMjAlMjAlMjAlMjAlMjAlMjAlMjBkb2N1bWVudC5hZGRFdmVudExpc3RlbmVyJTI4JTIyRE9NQ29udGVudExvYWRlZCUyMiUyQyUyMGZ1bmN0aW9uJTI4JTI5JTIwJTdCJTBBJTIwJTIwJTIwJTIwJTIwJTIwJTIwJTIwJTIwJTIwJTIwJTIwJTJGJTJGJTIwSW5pdGlhbGl6ZSUyMGltYWdlJTIwbWFwJTIwcmVzaXplciUwQSUyMCUyMCUyMCUyMCUyMCUyMCUyMCUyMCUyMCUyMCUyMCUyMGltYWdlTWFwUmVzaXplJTI4JTI5JTNCJTBBJTBBJTIwJTIwJTIwJTIwJTIwJTIwJTIwJTIwJTIwJTIwJTIwJTIwY29uc3QlMjBtYXAlMjAlM0QlMjBkb2N1bWVudC5nZXRFbGVtZW50QnlJZCUyOCUyMm1hcCUyMiUyOSUzQiUwQSUyMCUyMCUyMCUyMCUyMCUyMCUyMCUyMCUyMCUyMCUyMCUyMGNvbnN0JTIwc3RhdGVDaXJjbGUlMjAlM0QlMjBkb2N1bWVudC5nZXRFbGVtZW50QnlJZCUyOCUyMnN0YXRlQ2lyY2xlJTIyJTI5JTNCJTBBJTIwJTIwJTIwJTIwJTIwJTIwJTIwJTIwJTIwJTIwJTIwJTIwY29uc3QlMjBzdGF0ZVRleHQlMjAlM0QlMjBkb2N1bWVudC5nZXRFbGVtZW50QnlJZCUyOCUyMnN0YXRlVGV4dCUyMiUyOSUzQiUwQSUwQSUyMCUyMCUyMCUyMCUyMCUyMCUyMCUyMCUyMCUyMCUyMCUyMCUyRiUyRiUyMFN0b3JlJTIwb3JpZ2luYWwlMjBkaW1lbnNpb25zJTBBJTIwJTIwJTIwJTIwJTA5JTA5Y29uc3QlMjBvcmlnaW5hbFdpZHRoJTIwJTNEJTIwbWFwLm5hdHVyYWxXaWR0aCUzQiUwQSUyMCUyMCUyMCUyMCUwOSUwOWNvbnN0JTIwb3JpZ2luYWxIZWlnaHQlMjAlM0QlMjBtYXAubmF0dXJhbEhlaWdodCUzQiUwQSUwQSUyMCUyMCUyMCUyMCUyMCUyMCUyMCUyMCUyMCUyMCUyMCUyMGNvbnN0JTIwc3RhdGVzJTIwJTNEJTIwJTdCJTBBJTIwJTIwJTIwJTIwJTIwJTIwJTIwJTIwJTIwJTIwJTIwJTIwJTIyV3lvbWluZyUyMiUzQSUyMCUyMiUyRndwLWNvbnRlbnQlMkZ1cGxvYWRzJTJGMjAyNCUyRjEyJTJGRGlyZWN0b3J5LU1hcF9XeW9taW5nLnBuZyUyMiUyQyUwQSUyMCUyMCUyMCUyMCUyMCUyMCUyMCUyMCUyMCUyMCUyMCUyMCUyMkNvbG9yYWRvJTIyJTNBJTIwJTIyJTJGd3AtY29udGVudCUyRnVwbG9hZHMlMkYyMDI0JTJGMTIlMkZEaXJlY3RvcnktTWFwX0NvbG9yYWRvLnBuZyUyMiUyQyUwQSUyMCUyMCUyMCUyMCUyMCUyMCUyMCUyMCUyMCUyMCUyMCUyMCUyMCUyMCUyMCUyMCUyMk5vcnRoJTIwRGFrb3RhJTIyJTNBJTIwJTIyJTJGd3AtY29udGVudCUyRnVwbG9hZHMlMkYyMDI0JTJGMTIlMkZEaXJlY3RvcnktTWFwX05vcnRoLURha290YS5wbmclMjIlMkMlMEElMjAlMjAlMjAlMjAlMjAlMjAlMjAlMjAlMjAlMjAlMjAlMjAlMjAlMjAlMjAlMjAlMjJTb3V0aCUyMERha290YSUyMiUzQSUyMCUyMiUyRndwLWNvbnRlbnQlMkZ1cGxvYWRzJTJGMjAyNCUyRjEyJTJGRGlyZWN0b3J5LU1hcF9Tb3V0aC1EYWtvdGEucG5nJTIyJTJDJTBBJTIwJTIwJTIwJTIwJTIwJTIwJTIwJTIwJTIwJTIwJTIwJTIwJTIwJTIwJTIwJTIwJTIyS2Fuc2FzJTIyJTNBJTIwJTIyJTJGd3AtY29udGVudCUyRnVwbG9hZHMlMkYyMDI0JTJGMTIlMkZEaXJlY3RvcnktTWFwX0thbnNhcy5wbmclMjIlMkMlMEElMjAlMjAlMjAlMjAlMjAlMjAlMjAlMjAlMjAlMjAlMjAlMjAlMjAlMjAlMjAlMjAlMjJOZWJyYXNrYSUyMiUzQSUyMCUyMiUyRndwLWNvbnRlbnQlMkZ1cGxvYWRzJTJGMjAyNCUyRjEyJTJGRGlyZWN0b3J5LU1hcF9OZWJyYXNrYS5wbmclMjIlMkMlMEElMjAlMjAlMjAlMjAlMjAlMjAlMjAlMjAlMjAlMjAlMjAlMjAlMjAlMjAlMjAlMjAlMjJPa2xhaG9tYSUyMiUzQSUyMCUyMiUyRndwLWNvbnRlbnQlMkZ1cGxvYWRzJTJGMjAyNCUyRjEyJTJGRGlyZWN0b3J5LU1hcF9Pa2xhaG9tYS5wbmclMjIlMkMlMEElMjAlMjAlMjAlMjAlMjAlMjAlMjAlMjAlMjAlMjAlMjAlMjAlMjAlMjAlMjAlMjAlMjJUZXhhcyUyMiUzQSUyMCUyMiUyRndwLWNvbnRlbnQlMkZ1cGxvYWRzJTJGMjAyNCUyRjEyJTJGRGlyZWN0b3J5LU1hcF9UZXhhcy5wbmclMjIlMkMlMEElMjAlMjAlMjAlMjAlMjAlMjAlMjAlMjAlMjAlMjAlMjAlMjAlMjAlMjAlMjAlMjAlMjJNaW5uZXNvdGElMjIlM0ElMjAlMjIlMkZ3cC1jb250ZW50JTJGdXBsb2FkcyUyRjIwMjQlMkYxMiUyRkRpcmVjdG9yeS1NYXBfTWlubmVzb3RhLnBuZyUyMiUyQyUwQSUyMCUyMCUyMCUyMCUyMCUyMCUyMCUyMCUyMCUyMCUyMCUyMCUyMCUyMCUyMCUyMCUyMklvd2ElMjIlM0ElMjAlMjIlMkZ3cC1jb250ZW50JTJGdXBsb2FkcyUyRjIwMjQlMkYxMiUyRkRpcmVjdG9yeS1NYXBfSW93YS5wbmclMjIlMkMlMEElMjAlMjAlMjAlMjAlMjAlMjAlMjAlMjAlMjAlMjAlMjAlMjAlMjAlMjAlMjAlMjAlMjJNaXNzb3VyaSUyMiUzQSUyMCUyMiUyRndwLWNvbnRlbnQlMkZ1cGxvYWRzJTJGMjAyNCUyRjEyJTJGRGlyZWN0b3J5LU1hcF9NaXNzb3VyaS5wbmclMjIlMkMlMEElMjAlMjAlMjAlMjAlMjAlMjAlMjAlMjAlMjAlMjAlMjAlMjAlMjAlMjAlMjAlMjAlMjJJbGxpbm9pcyUyMiUzQSUyMCUyMiUyRndwLWNvbnRlbnQlMkZ1cGxvYWRzJTJGMjAyNCUyRjEyJTJGRGlyZWN0b3J5LU1hcF9JbGxpbm9pcy5wbmclMjIlMkMlMEElMjAlMjAlMjAlMjAlMjAlMjAlMjAlMjAlMjAlMjAlMjAlMjAlMjAlMjAlMjAlMjAlMjJLZW50dWNreSUyMiUzQSUyMCUyMiUyRndwLWNvbnRlbnQlMkZ1cGxvYWRzJTJGMjAyNCUyRjEyJTJGRGlyZWN0b3J5LU1hcF9LZW50dWNreS5wbmclMjIlMkMlMEElMjAlMjAlMjAlMjAlMjAlMjAlMjAlMjAlMjAlMjAlMjAlMjAlMjAlMjAlMjAlMjAlMjJXaXNjb25zaW4lMjIlM0ElMjAlMjIlMkZ3cC1jb250ZW50JTJGdXBsb2FkcyUyRjIwMjQlMkYxMiUyRkRpcmVjdG9yeS1NYXBfU1RBVElDLnBuZyUyMiUyQyUwQSUyMCUyMCUyMCUyMCUyMCUyMCUyMCUyMCUyMCUyMCUyMCUyMCU3RCUzQiUwQSUwQSUyMCUyMCUyMCUyMCUyMCUyMCUyMCUyMCUyMCUyMCUyMCUyMGZ1bmN0aW9uJTIwYWRqdXN0Q29vcmRpbmF0ZXMlMjh4JTJDJTIweSUyOSUyMCU3QiUwQSUyMCUyMCUyMCUyMCUyMCUyMCUyMCUyMGNvbnN0JTIwY3VycmVudFdpZHRoJTIwJTNEJTIwbWFwLndpZHRoJTNCJTBBJTIwJTIwJTIwJTIwJTIwJTIwJTIwJTIwY29uc3QlMjBjdXJyZW50SGVpZ2h0JTIwJTNEJTIwbWFwLmhlaWdodCUzQiUwQSUwQSUyMCUyMCUyMCUyMCUyMCUyMCUyMCUyMGNvbnN0JTIweFJhdGlvJTIwJTNEJTIwY3VycmVudFdpZHRoJTIwJTJGJTIwb3JpZ2luYWxXaWR0aCUzQiUwQSUyMCUyMCUyMCUyMCUyMCUyMCUyMCUyMGNvbnN0JTIweVJhdGlvJTIwJTNEJTIwY3VycmVudEhlaWdodCUyMCUyRiUyMG9yaWdpbmFsSGVpZ2h0JTNCJTBBJTBBJTIwJTIwJTIwJTIwJTIwJTIwJTIwJTIwcmV0dXJuJTIwJTVCeCUyMCUyQSUyMHhSYXRpbyUyQyUyMHklMjAlMkElMjB5UmF0aW8lNUQlM0IlMEElMjAlMjAlMjAlMjAlN0QlMEElMEElMEElMjAlMjAlMjAlMjAlMjAlMjAlMjAlMjAlMjAlMjAlMjAlMjAlMjAlMjAlMjAlMjBkb2N1bWVudC5xdWVyeVNlbGVjdG9yQWxsJTI4JTIyYXJlYSUyMiUyOS5mb3JFYWNoJTI4YXJlYSUyMCUzRCUzRSUyMCU3QiUwQSUyMCUyMCUyMCUyMCUyMCUyMCUyMCUyMGFyZWEuYWRkRXZlbnRMaXN0ZW5lciUyOCUyMm1vdXNlb3ZlciUyMiUyQyUyMGZ1bmN0aW9uJTI4JTI5JTIwJTdCJTBBJTIwJTIwJTIwJTIwJTIwJTIwJTIwJTIwJTIwJTIwJTIwJTIwY29uc3QlMjBzdGF0ZSUyMCUzRCUyMHRoaXMuZ2V0QXR0cmlidXRlJTI4JTIyZGF0YS1zdGF0ZSUyMiUyOSUzQiUwQSUyMCUyMCUyMCUyMCUyMCUyMCUyMCUyMCUyMCUyMCUyMCUyMGxldCUyMCU1QnglMkMlMjB5JTVEJTIwJTNEJTIwdGhpcy5nZXRBdHRyaWJ1dGUlMjglMjJkYXRhLWNvb3JkcyUyMiUyOS5zcGxpdCUyOCUyNyUyQyUyNyUyOS5tYXAlMjhOdW1iZXIlMjklM0IlMEElMEElMjAlMjAlMjAlMjAlMjAlMjAlMjAlMjAlMjAlMjAlMjAlMjBpZiUyMCUyOHN0YXRlcyU1QnN0YXRlJTVEJTI5JTIwJTdCJTBBJTIwJTIwJTIwJTIwJTIwJTIwJTIwJTIwJTIwJTIwJTIwJTIwJTIwJTIwJTIwJTIwbWFwLnNyYyUyMCUzRCUyMHN0YXRlcyU1QnN0YXRlJTVEJTNCJTBBJTIwJTIwJTIwJTIwJTIwJTIwJTIwJTIwJTIwJTIwJTIwJTIwJTdEJTBBJTBBJTIwJTIwJTIwJTIwJTIwJTIwJTIwJTIwJTIwJTIwJTIwJTIwJTVCeCUyQyUyMHklNUQlMjAlM0QlMjBhZGp1c3RDb29yZGluYXRlcyUyOHglMkMlMjB5JTI5JTNCJTBBJTBBJTIwJTIwJTIwJTIwJTIwJTIwJTIwJTIwJTIwJTIwJTIwJTIwc3RhdGVDaXJjbGUuc2V0QXR0cmlidXRlJTI4JTIyY3glMjIlMkMlMjB4JTI5JTNCJTBBJTIwJTIwJTIwJTIwJTIwJTIwJTIwJTIwJTIwJTIwJTIwJTIwc3RhdGVDaXJjbGUuc2V0QXR0cmlidXRlJTI4JTIyY3klMjIlMkMlMjB5JTI5JTNCJTBBJTIwJTIwJTIwJTIwJTIwJTIwJTIwJTIwJTIwJTIwJTIwJTIwc3RhdGVUZXh0LnNldEF0dHJpYnV0ZSUyOCUyMnglMjIlMkMlMjB4JTI5JTNCJTBBJTIwJTIwJTIwJTIwJTIwJTIwJTIwJTIwJTIwJTIwJTIwJTIwc3RhdGVUZXh0LnNldEF0dHJpYnV0ZSUyOCUyMnklMjIlMkMlMjB5JTIwJTJCJTIwNCUyOSUzQiUyMCUyRiUyRiUyMENlbnRlciUyMHRleHQlMjB2ZXJ0aWNhbGx5JTIwaW4lMjBjaXJjbGUlMEElMjAlMjAlMjAlMjAlMjAlMjAlMjAlMjAlMjAlMjAlMjAlMjAlMEElMkYlMkYlMjBGZXRjaCUyMGFuZCUyMGRpc3BsYXklMjB0aGUlMjBudW1iZXIlMjBvZiUyMGNvLW9wcyUyMGZyb20lMjBjb29wRGF0YSUwQSUyMCUyMCUyMCUyMCUyMCUyMCUyMCUyMCUyMCUyMCUyMCUyMGlmJTIwJTI4dHlwZW9mJTIwY29vcERhdGElMjAlMjElM0QlM0QlMjAlMjd1bmRlZmluZWQlMjclMjAlMjYlMjYlMjBjb29wRGF0YSU1QnN0YXRlJTVEJTIwJTIxJTNEJTNEJTIwdW5kZWZpbmVkJTI5JTIwJTdCJTBBJTIwJTIwJTIwJTIwJTIwJTIwJTIwJTIwJTIwJTIwJTIwJTIwJTIwJTIwJTIwJTIwc3RhdGVUZXh0LnRleHRDb250ZW50JTIwJTNEJTIwY29vcERhdGElNUJzdGF0ZSU1RCUzQiUwQSUyMCUyMCUyMCUyMCUyMCUyMCUyMCUyMCUyMCUyMCUyMCUyMCU3RCUyMGVsc2UlMjAlN0IlMEElMjAlMjAlMjAlMjAlMjAlMjAlMjAlMjAlMjAlMjAlMjAlMjAlMjAlMjAlMjAlMjBzdGF0ZVRleHQudGV4dENvbnRlbnQlMjAlM0QlMjAlMjIwJTIyJTNCJTIwJTJGJTJGJTIwRmFsbGJhY2slMjBpZiUyMGRhdGElMjBpcyUyMG5vdCUyMGF2YWlsYWJsZSUwQSUyMCUyMCUyMCUyMCUyMCUyMCUyMCUyMCUyMCUyMCUyMCUyMCU3RCUwQSUwQSUyMCUyMCUyMCUyMCUyMCUyMCUyMCUyMCUyMCUyMCUyMCUyMHN0YXRlQ2lyY2xlLnN0eWxlLnZpc2liaWxpdHklMjAlM0QlMjAlMjd2aXNpYmxlJTI3JTNCJTBBJTIwJTIwJTIwJTIwJTIwJTIwJTIwJTIwJTIwJTIwJTIwJTIwc3RhdGVUZXh0LnN0eWxlLnZpc2liaWxpdHklMjAlM0QlMjAlMjd2aXNpYmxlJTI3JTNCJTBBJTIwJTIwJTIwJTIwJTIwJTIwJTIwJTIwJTdEJTI5JTNCJTBBJTBBJTIwJTIwJTIwJTIwJTIwJTIwJTIwJTIwYXJlYS5hZGRFdmVudExpc3RlbmVyJTI4JTIybW91c2VvdXQlMjIlMkMlMjBmdW5jdGlvbiUyOCUyOSUyMCU3QiUwQSUyMCUyMCUyMCUyMCUyMCUyMCUyMCUyMCUyMCUyMCUyMCUyMG1hcC5zcmMlMjAlM0QlMjAlMjIlMkZ3cC1jb250ZW50JTJGdXBsb2FkcyUyRjIwMjQlMkYxMiUyRkRpcmVjdG9yeS1NYXBfU1RBVElDLnBuZyUyMiUzQiUwQSUyMCUyMCUyMCUyMCUyMCUyMCUyMCUyMCUyMCUyMCUyMCUyMHN0YXRlQ2lyY2xlLnN0eWxlLnZpc2liaWxpdHklMjAlM0QlMjAlMjdoaWRkZW4lMjclM0IlMEElMjAlMjAlMjAlMjAlMjAlMjAlMjAlMjAlMjAlMjAlMjAlMjBzdGF0ZVRleHQuc3R5bGUudmlzaWJpbGl0eSUyMCUzRCUyMCUyN2hpZGRlbiUyNyUzQiUwQSUyMCUyMCUyMCUyMCUyMCUyMCUyMCUyMCU3RCUyOSUzQiUwQSUyMCUyMCUyMCUyMCU3RCUyOSUzQiUwQSUwQSUyMCUyMCUyMCUyMGZ1bmN0aW9uJTIwZmV0Y2hEYXRhRm9yU3RhdGUlMjhzdGF0ZSUyOSUyMCU3QiUwQSUyMCUyMCUyMCUyMCUyMCUyMCUyMCUyMHJldHVybiUyMG5ldyUyMFByb21pc2UlMjglMjhyZXNvbHZlJTI5JTIwJTNEJTNFJTIwJTdCJTBBJTIwJTIwJTIwJTIwJTIwJTIwJTIwJTIwJTIwJTIwJTIwJTIwc2V0VGltZW91dCUyOCUyOCUyOSUyMCUzRCUzRSUyMCU3QiUwQSUyMCUyMCUyMCUyMCUyMCUyMCUyMCUyMCUyMCUyMCUyMCUyMCUyMCUyMCUyMCUyMHJlc29sdmUlMjhNYXRoLmZsb29yJTI4TWF0aC5yYW5kb20lMjglMjklMjAlMkElMjAxMDAlMjklMjklM0IlMjAlMkYlMkYlMjBFeGFtcGxlJTIwbnVtYmVyJTBBJTIwJTIwJTIwJTIwJTIwJTIwJTIwJTIwJTIwJTIwJTIwJTIwJTdEJTJDJTIwNTAwJTI5JTNCJTBBJTIwJTIwJTIwJTIwJTIwJTIwJTIwJTIwJTdEJTI5JTNCJTBBJTIwJTIwJTIwJTIwJTdEJTBBJTIwJTIwJTIwJTIwJTIwJTIwJTIwJTIwJTdEJTI5JTNCJTBBJTIwJTIwJTIwJTIwJTNDJTJGc2NyaXB0JTNF[\/vc_raw_html][\/vc_column_text][\/vc_column_inner][\/vc_row_inner][\/vc_column][\/vc_row]<\/p>\n<\/div>[\/vc_column_text][\/vc_column][\/vc_row]<\/p>\n<\/div>","protected":false},"excerpt":{"rendered":"<p>[vc_row full_width=\u00bbstretch_row_content\u00bb background_position_desktop=\u00bbcenter top\u00bb css=\u00bb.vc_custom_1726331644353{margin-bottom: 0px !important;background-image: url(https:\/\/ubgretire.com\/wp-content\/uploads\/2024\/07\/Header-Image_Plan-RetireMint-1-scaled.jpg?id=58) !important;background-position: center !important;background-repeat: no-repeat !important;background-size: cover !important;}\u00bb el_class=\u00bbheaderrow\u00bb][vc_column css=\u00bb.vc_custom_1720799542297{margin-top: 0px !important;padding-top: 220px&#8230;<\/p>\n","protected":false},"author":1,"featured_media":907,"parent":0,"menu_order":0,"comment_status":"closed","ping_status":"closed","template":"","meta":{"_acf_changed":false,"footnotes":""},"class_list":["post-974","page","type-page","status-publish","has-post-thumbnail"],"acf":[],"_links":{"self":[{"href":"https:\/\/ubgretire.com\/es\/wp-json\/wp\/v2\/pages\/974","targetHints":{"allow":["GET"]}}],"collection":[{"href":"https:\/\/ubgretire.com\/es\/wp-json\/wp\/v2\/pages"}],"about":[{"href":"https:\/\/ubgretire.com\/es\/wp-json\/wp\/v2\/types\/page"}],"author":[{"embeddable":true,"href":"https:\/\/ubgretire.com\/es\/wp-json\/wp\/v2\/users\/1"}],"replies":[{"embeddable":true,"href":"https:\/\/ubgretire.com\/es\/wp-json\/wp\/v2\/comments?post=974"}],"version-history":[{"count":4,"href":"https:\/\/ubgretire.com\/es\/wp-json\/wp\/v2\/pages\/974\/revisions"}],"predecessor-version":[{"id":1849,"href":"https:\/\/ubgretire.com\/es\/wp-json\/wp\/v2\/pages\/974\/revisions\/1849"}],"wp:featuredmedia":[{"embeddable":true,"href":"https:\/\/ubgretire.com\/es\/wp-json\/wp\/v2\/media\/907"}],"wp:attachment":[{"href":"https:\/\/ubgretire.com\/es\/wp-json\/wp\/v2\/media?parent=974"}],"curies":[{"name":"wp","href":"https:\/\/api.w.org\/{rel}","templated":true}]}}