{"id":1864,"date":"2024-07-11T18:09:52","date_gmt":"2024-07-11T18:09:52","guid":{"rendered":"https:\/\/dev.ubgretire.com\/condiciones-generales\/"},"modified":"2025-05-20T13:50:24","modified_gmt":"2025-05-20T13:50:24","slug":"condiciones-generales","status":"publish","type":"page","link":"https:\/\/ubgretire.com\/es\/condiciones-generales\/","title":{"rendered":"Condiciones generales"},"content":{"rendered":"<div class=\"wpb-content-wrapper\"><p>[vc_row full_width=\u00bbstretch_row_content\u00bb background_position_desktop=\u00bbcenter top\u00bb css=\u00bb.vc_custom_1726331901159{margin-bottom: 0px !important;background-image: url(https:\/\/ubgretire.com\/wp-content\/uploads\/2024\/09\/Header-Image_Terms-Privacy-scaled.jpg?id=261) !important;background-position: center !important;background-repeat: no-repeat !important;background-size: cover !important;}\u00bb el_class=\u00bbheaderrow\u00bb][vc_column css=\u00bb.vc_custom_1720799542297{margin-top: 0px !important;padding-top: 220px !important;}\u00bb][vc_empty_space height=\u00bb125px\u00bb][\/vc_column][\/vc_row][vc_row full_width=\u00bbstretch_row\u00bb css=\u00bb.vc_custom_1726334083644{background-color: #00523DB3 !important;}\u00bb el_class=\u00bbheaderoverlay\u00bb][vc_column css=\u00bb.vc_custom_1726330425656{padding-top: 5px !important;}\u00bb][vc_column_text css=\u00bb.vc_custom_1726331830256{margin-bottom: 0px !important;}\u00bb]\u00a0[\/vc_column_text][vc_column_text css=\u00bb.vc_custom_1726331934106{margin-bottom: -13px !important;}\u00bb el_class=\u00bbteam-headertext\u00bb]<span style=\"color: #ffffff;\">T\u00e9rminos y condiciones.<\/span>[\/vc_column_text][\/vc_column][\/vc_row][vc_row][vc_column][vc_column_text css=\u00bb\u00bb el_class=\u00bbretiremint-toptext\u00bb]Las presentes <strong>Condiciones<\/strong> regulan tu acceso y uso del sitio web de United Benefits Group (\u00abUBG\u00bb) (el \u00abSitio\u00bb). Estas Condiciones son un acuerdo vinculante entre t\u00fa y UBG, y se a\u00f1aden a cualquier otro acuerdo entre t\u00fa y UBG, y a cualquier otro acuerdo que rija tu uso de la informaci\u00f3n, herramientas, servicios y otras funciones disponibles en y a trav\u00e9s del Sitio.   <strong>REVISA ATENTAMENTE ESTAS CONDICIONES.<\/strong>  Al utilizar o acceder a este Sitio, aceptas y te comprometes a cumplir los T\u00e9rminos y Condiciones que figuran a continuaci\u00f3n. Tal y como se utilizan aqu\u00ed, los t\u00e9rminos \u00abt\u00fa\u00bb y \u00abtu\u00bb se refieren a cualquier visitante del Sitio, y los t\u00e9rminos \u00abnosotros\u00bb y \u00abnuestro\u00bb se refieren a UBG. <\/p>\n<p><strong>VERSI\u00d3N ACTUAL Y MODIFICACIONES<\/strong><br \/>\nLa \u00faltima vez que modificamos estos T\u00e9rminos y Condiciones fue el 1 de julio de 2024. La versi\u00f3n de las Condiciones Generales vigente en la fecha en que accedas al Sitio regir\u00e1 tu uso del mismo. UBG podr\u00e1 modificar las presentes Condiciones Generales en cualquier momento, a su entera discreci\u00f3n y sin previo aviso. Te notificaremos las modificaciones de las Condiciones, si las hubiera, exclusivamente mediante la publicaci\u00f3n de las Condiciones modificadas en este Sitio. Al utilizar el Sitio, debes revisar la versi\u00f3n m\u00e1s actualizada haciendo clic en el hiperv\u00ednculo \u00abT\u00e9rminos y Condiciones\u00bb situado en la parte inferior de una p\u00e1gina del Sitio. Eres responsable de estar familiarizado con la versi\u00f3n actual de estos T\u00e9rminos y Condiciones y de configurar los ajustes de cach\u00e9 de tu navegador para asegurarte de que recibes los datos m\u00e1s recientes. Si no est\u00e1s de acuerdo con estos T\u00e9rminos y Condiciones, o con cualquiera de los T\u00e9rminos y Condiciones modificados posteriormente, abstente de acceder al Sitio. Tu uso continuado del Sitio constituir\u00e1 la aceptaci\u00f3n de cualquier modificaci\u00f3n de los T\u00e9rminos y Condiciones.       <\/p>\n<p><strong>USO GENERAL DEL SITIO<\/strong><br \/>\nToda la informaci\u00f3n a la que se acceda o que se visualice a trav\u00e9s del Sitio se considera confidencial y s\u00f3lo es para uso personal y no comercial autorizado. Queda estrictamente prohibido: (i) el uso no autorizado de nuestros sistemas, del Sitio o de cualquier informaci\u00f3n a la que se acceda a trav\u00e9s de este Sitio; (ii) la realizaci\u00f3n de cualquier actividad relacionada con este Sitio que sea contraria a las leyes y reglamentos aplicables o a las condiciones de los acuerdos que tengas con nosotros; y (iii) el uso de cualquier dispositivo autom\u00e1tico o proceso manual para controlar o copiar nuestras p\u00e1ginas web, datos o el contenido de las mismas. Al utilizar este Sitio, aceptas que UBG se reserve el derecho a poner fin y\/o bloquear tu uso o acceso al Sitio por cualquier motivo y sin previo aviso.     <\/p>\n<p>Podemos controlar, rastrear y grabar tu uso del Sitio. Al visitar este Sitio, consientes expresamente dicho control, seguimiento y grabaci\u00f3n. <\/p>\n<p>Aceptas que accedes, utilizas y conf\u00edas en el contenido de este Sitio por tu cuenta y riesgo. La informaci\u00f3n de este Sitio s\u00f3lo tiene fines informativos; no pretende ser, ni debe interpretarse, como asesoramiento legal, fiscal, de inversi\u00f3n o laboral. Por favor, busca el consejo de tu profesional legal o fiscal si es necesario en relaci\u00f3n con la evaluaci\u00f3n de cualquier contenido de este Sitio.<br \/>\nCiertas herramientas de planificaci\u00f3n de la jubilaci\u00f3n (como las calculadoras de jubilaci\u00f3n) disponibles en el Sitio pueden proporcionar educaci\u00f3n general sobre la jubilaci\u00f3n y estimaciones basadas en la informaci\u00f3n que proporciones. Dichas herramientas est\u00e1n pensadas \u00fanicamente para permitirte estimar y modelar hipot\u00e9ticos escenarios financieros o de jubilaci\u00f3n futuros. No debes confiar en esas herramientas ni en sus resultados para tomar ninguna decisi\u00f3n. Antes de tomar cualquier decisi\u00f3n bas\u00e1ndote en la informaci\u00f3n utilizada o proporcionada por esas herramientas, debes consultar a tu asesor legal o fiscal sobre tu situaci\u00f3n espec\u00edfica.     <\/p>\n<p><strong>LIMITACIONES<\/strong><br \/>\nEl contenido y la informaci\u00f3n facilitados en el Sitio se proporcionan \u00abtal cual\u00bb y \u00abseg\u00fan disponibilidad\u00bb, y UBG no ofrece ninguna garant\u00eda expresa o impl\u00edcita, incluidas, entre otras, las garant\u00edas de comerciabilidad, idoneidad para un fin determinado, no infracci\u00f3n de derechos de terceros y ausencia de virus u otros c\u00f3digos da\u00f1inos. Adem\u00e1s, UBG no garantiza que se corrija ning\u00fan defecto o inexactitud. <\/p>\n<p>UBG declina toda responsabilidad ante ti o cualquier otra persona por cualquier da\u00f1o directo, indirecto, incidental, especial, consecuente, punitivo o ejemplar que se derive o resulte de tu referencia, uso, acceso, incapacidad de acceso o enlace a o desde este Sitio, VIRUS, GUSANOS, CABALLOS TROYANOS u otro c\u00f3digo que tenga propiedades contaminantes o destructivas. Esto es as\u00ed tanto si se nos ha informado como si no de la probabilidad o posibilidad de que se produzcan dichos da\u00f1os, e independientemente de la forma de acci\u00f3n, ya sea por contrato, garant\u00eda, agravio (incluida, pero no limitada a, la negligencia), responsabilidad objetiva o de otro tipo. no se te concede ninguna licencia impl\u00edcita en NINGUNA de las exenciones de responsabilidad INCLUIDAS AQU\u00cd.  <\/p>\n<p>UBG NO SER\u00c1 RESPONSABLE ANTE TI NI ANTE NADIE POR NINGUNA P\u00c9RDIDA RESULTANTE DE UNA CAUSA SOBRE LA QUE UBG NO TENGA CONTROL DIRECTO. ESTO INCLUYE, PERO NO SE LIMITA, AL ACCESO NO AUTORIZADO, VIRUS, FALLO DEL EQUIPO ELECTR\u00d3NICO O MEC\u00c1NICO O DE LAS L\u00cdNEAS DE COMUNICACI\u00d3N, ROBO, ERRORES DEL OPERADOR, CONDICIONES METEOROL\u00d3GICAS SEVERAS O EXTRAORDINARIAS, O INCENDIO. <\/p>\n<p>UBG NO GARANTIZA QUE EL SITIO SATISFAGA TUS NECESIDADES, NI QUE TU ACCESO SEA ININTERRUMPIDO, PUNTUAL, SEGURO O LIBRE DE ERRORES. UBG NO GARANTIZA QUE LOS RESULTADOS OBTENIDOS DEL USO DEL SITIO SEAN PRECISOS, FIABLES O COMPLETOS, NI QUE LA CALIDAD DE LOS PRODUCTOS, SERVICIOS, INFORMACI\u00d3N U OTRO MATERIAL QUE COMPRES U OBTENGAS A TRAV\u00c9S DEL SITIO CUMPLA TUS EXPECTATIVAS. Y UBG NO SER\u00c1 RESPONSABLE DE NING\u00daN RETRASO, DIFICULTAD DE USO, VIRUS INFORM\u00c1TICO, C\u00d3DIGO MALICIOSO U OTRO DEFECTO DE ESTE SITIO, NI DE NINGUNA INCOMPATIBILIDAD ENTRE EL SITIO Y TUS ARCHIVOS O NAVEGADOR.  <\/p>\n<p><strong>CONTENIDO E INVESTIGACI\u00d3N<\/strong> DE TERCEROS<br \/>\nEl Sitio puede, ocasionalmente, incluir noticias, comentarios, herramientas, informes de investigaci\u00f3n y otra informaci\u00f3n de entidades no afiliadas a UBG (\u00abInformaci\u00f3n de Terceros\u00bb). La Informaci\u00f3n de Terceros podr\u00e1 publicarse en el Sitio, o estar disponible a trav\u00e9s de \u00e1reas enmarcadas o mediante enlaces a sitios web de terceros. El Sitio identificar\u00e1 de forma clara y destacada cualquier Informaci\u00f3n de Terceros incluida en el Sitio.  <\/p>\n<p>UBG no tiene control sobre la Informaci\u00f3n de Terceros. UBG no ha participado en la preparaci\u00f3n, adopci\u00f3n o edici\u00f3n de la In- formaci\u00f3n de Terceros, y no respalda ni aprueba expl\u00edcita o impl\u00edcitamente dicho contenido. En consecuencia, usted acepta que UBG no es responsable de ninguna lia- bilidad resultante de su acceso o uso de sitios que no sean propiedad de UBG, y que UBG no es responsable de ning\u00fan contenido, producto, o cualquier otro asunto, disponible a trav\u00e9s de la world wide web, ya est\u00e9 enlazado con, o desde, el Sitio. Asimismo, usted acepta que UBG no ser\u00e1 responsable, directa o indirectamente, de ning\u00fan da\u00f1o o p\u00e9rdida causados, o supuestamente causados, por el uso de sitios web que no sean propiedad de UBG, o relacionados con dicho uso.   <\/p>\n<p>Ni UBG ni los proveedores de Informaci\u00f3n de Terceros garantizan su exactitud, actualidad, integridad o utilidad, y no se responsabilizan de dicho contenido. La Informaci\u00f3n de Terceros se proporciona \u00fanicamente con fines informativos, y UBG y los proveedores de Informaci\u00f3n de Terceros declinan espec\u00edficamente toda responsabilidad por la Informaci\u00f3n de Terceros disponible en sitios de terceros. Utilizar\u00e1s la Informaci\u00f3n de Terceros por tu cuenta y riesgo. LA INFORMACI\u00d3N DE TERCEROS SE PROPORCIONA \u00abTAL CUAL\u00bb. UBG Y LOS PROVEEDORES DE INFORMACI\u00d3N DE TERCEROS RECHAZAN EXPRESAMENTE TODAS LAS GARANT\u00cdAS DE CUALQUIER TIPO, EXPRESAS O IMPL\u00cdCITAS, incluidas, entre otras, las garant\u00edas de comerciabilidad, idoneidad para un fin determinado, no infracci\u00f3n de los derechos de terceros y ausencia de virus u otros c\u00f3digos da\u00f1inos.    <\/p>\n<p><strong>SEGURIDAD DE LA CONTRASE\u00d1A Y NOTIFICACI\u00d3N<\/strong><br \/>\nCiertas partes del Sitio est\u00e1n protegidas por contrase\u00f1a o requieren un inicio de sesi\u00f3n. No puedes obtener ni intentar obtener acceso no autorizado a dichas partes del Sitio, ni a ning\u00fan otro material o informaci\u00f3n protegidos, a trav\u00e9s de ning\u00fan medio que UBG no haya puesto a tu disposici\u00f3n intencionadamente para tu uso espec\u00edfico. Si tienes un N\u00famero de Identificaci\u00f3n Personal (PIN) para acceder a zonas no p\u00fablicas del Sitio, eres el \u00fanico responsable de todas las actividades que se produzcan en relaci\u00f3n con tu PIN. En consecuencia, debes tomar medidas para proteger la confidencialidad de tu PIN. Notifica inmediatamente a UBG si tienes conocimiento de cualquier divulgaci\u00f3n, p\u00e9rdida, robo o uso no autorizado de tu PIN.    <\/p>\n<p><strong>INDEMNIZACI\u00d3N<\/strong><br \/>\nComo condici\u00f3n para que utilices el Sitio, te comprometes a indemnizar y eximir de toda responsabilidad a UBG y a sus proveedores de Informaci\u00f3n de Terceros frente a cualquier reclamaci\u00f3n, p\u00e9rdida, responsabilidad, coste y gasto (incluidos, entre otros, los honorarios de los abogados) derivados del uso que hagas del Sitio o de la infracci\u00f3n de las presentes Condiciones.<\/p>\n<p><strong>LEY APLICABLE<\/strong><br \/>\nA menos que se acuerde lo contrario, su acceso y uso del Sitio, as\u00ed como las presentes Condiciones y su aplicaci\u00f3n, se rigen por las leyes del Estado de Misuri, sin tener en cuenta los conflictos de leyes, y redundar\u00e1n en beneficio de los sucesores y cesionarios de UBG, ya sea por fusi\u00f3n, consolidaci\u00f3n o de otro modo. Usted acepta que el hecho de hacer referencia al Sitio, utilizarlo o acceder a \u00e9l constituye su aceptaci\u00f3n de que la jurisdicci\u00f3n y la competencia corresponder\u00e1n exclusivamente a los tribunales estatales o federales del condado de Platte, Missouri, y que cualquier acci\u00f3n legal que usted pueda entablar contra UBG, o UBG contra usted, deber\u00e1 entablarse ante los tribunales estatales o federales del condado de Platte, Missouri. <\/p>\n<p><strong>SEVERABILIDAD<\/strong><br \/>\nEn el caso de que un tribunal de jurisdicci\u00f3n competente considere inaplicable cualquier disposici\u00f3n de estos T\u00e9rminos y Condiciones, los T\u00e9rminos y Condiciones restantes permanecer\u00e1n en pleno vigor y efecto, y la disposici\u00f3n inaplicable se aplicar\u00e1 en la m\u00e1xima medida permitida.[\/vc_column_text][\/vc_column][\/vc_row]<\/p>\n<\/div>","protected":false},"excerpt":{"rendered":"<p>[vc_row full_width=\u00bbstretch_row_content\u00bb background_position_desktop=\u00bbcenter top\u00bb css=\u00bb.vc_custom_1726331901159{margin-bottom: 0px !important;background-image: url(https:\/\/ubgretire.com\/wp-content\/uploads\/2024\/09\/Header-Image_Terms-Privacy-scaled.jpg?id=261) !important;background-position: center !important;background-repeat: no-repeat !important;background-size: cover !important;}\u00bb el_class=\u00bbheaderrow\u00bb][vc_column css=\u00bb.vc_custom_1720799542297{margin-top: 0px !important;padding-top: 220px&#8230;<\/p>\n","protected":false},"author":1,"featured_media":929,"parent":0,"menu_order":0,"comment_status":"closed","ping_status":"closed","template":"","meta":{"_acf_changed":false,"footnotes":""},"class_list":["post-1864","page","type-page","status-publish","has-post-thumbnail"],"acf":[],"_links":{"self":[{"href":"https:\/\/ubgretire.com\/es\/wp-json\/wp\/v2\/pages\/1864","targetHints":{"allow":["GET"]}}],"collection":[{"href":"https:\/\/ubgretire.com\/es\/wp-json\/wp\/v2\/pages"}],"about":[{"href":"https:\/\/ubgretire.com\/es\/wp-json\/wp\/v2\/types\/page"}],"author":[{"embeddable":true,"href":"https:\/\/ubgretire.com\/es\/wp-json\/wp\/v2\/users\/1"}],"replies":[{"embeddable":true,"href":"https:\/\/ubgretire.com\/es\/wp-json\/wp\/v2\/comments?post=1864"}],"version-history":[{"count":2,"href":"https:\/\/ubgretire.com\/es\/wp-json\/wp\/v2\/pages\/1864\/revisions"}],"predecessor-version":[{"id":1866,"href":"https:\/\/ubgretire.com\/es\/wp-json\/wp\/v2\/pages\/1864\/revisions\/1866"}],"wp:featuredmedia":[{"embeddable":true,"href":"https:\/\/ubgretire.com\/es\/wp-json\/wp\/v2\/media\/929"}],"wp:attachment":[{"href":"https:\/\/ubgretire.com\/es\/wp-json\/wp\/v2\/media?parent=1864"}],"curies":[{"name":"wp","href":"https:\/\/api.w.org\/{rel}","templated":true}]}}