{"id":1850,"date":"2024-07-11T18:10:55","date_gmt":"2024-07-11T18:10:55","guid":{"rendered":"https:\/\/dev.ubgretire.com\/politica-de-privacidad\/"},"modified":"2025-05-20T13:50:22","modified_gmt":"2025-05-20T13:50:22","slug":"politica-de-privacidad","status":"publish","type":"page","link":"https:\/\/ubgretire.com\/es\/politica-de-privacidad\/","title":{"rendered":"Pol\u00edtica de privacidad"},"content":{"rendered":"<div class=\"wpb-content-wrapper\"><p>[vc_row full_width=\u00bbstretch_row_content\u00bb background_position_desktop=\u00bbcenter top\u00bb css=\u00bb.vc_custom_1726332012982{margin-bottom: 0px !important;background-image: url(https:\/\/ubgretire.com\/wp-content\/uploads\/2024\/09\/Header-Image_Terms-Privacy-scaled.jpg?id=261) !important;background-position: center !important;background-repeat: no-repeat !important;background-size: cover !important;}\u00bb el_class=\u00bbheaderrow\u00bb][vc_column css=\u00bb.vc_custom_1720799542297{margin-top: 0px !important;padding-top: 220px !important;}\u00bb][vc_empty_space height=\u00bb125px\u00bb][\/vc_column][\/vc_row][vc_row full_width=\u00bbstretch_row\u00bb css=\u00bb.vc_custom_1726334109564{background-color: #00523DB3 !important;}\u00bb el_class=\u00bbheaderoverlay\u00bb][vc_column css=\u00bb.vc_custom_1726330425656{padding-top: 5px !important;}\u00bb][vc_column_text css=\u00bb.vc_custom_1726331830256{margin-bottom: 0px !important;}\u00bb]\u00a0[\/vc_column_text][vc_column_text css=\u00bb.vc_custom_1726332006070{margin-bottom: -13px !important;}\u00bb el_class=\u00bbteam-headertext\u00bb]<span style=\"color: #ffffff;\">Pol\u00edtica de privacidad.<\/span>[\/vc_column_text][\/vc_column][\/vc_row][vc_row][vc_column][vc_column_text css=\u00bb\u00bb el_class=\u00bbretiremint-toptext\u00bb]<strong>United Benefits Group<\/strong> puede recopilar y almacenar informaci\u00f3n personal identificable cuando visitas y utilizas este sitio web. Reconocemos que puede preocuparte la privacidad de esa informaci\u00f3n, y nos comprometemos a proteger tu privacidad en todo momento. <\/p>\n<p><strong>INFORMACI\u00d3N RECOGIDA<\/strong><br \/>\nLa informaci\u00f3n espec\u00edfica recogida a trav\u00e9s de este sitio web depende de la informaci\u00f3n que hayas facilitado previamente a United Bene- fits Group y de la informaci\u00f3n adicional que proporciones a trav\u00e9s del sitio. Dicha informaci\u00f3n puede incluir, entre otros: tu nombre, direcci\u00f3n f\u00edsica, n\u00famero de tel\u00e9fono, direcci\u00f3n de correo electr\u00f3nico, fecha de nacimiento, n\u00famero de la Seguridad Social, informaci\u00f3n del beneficiario, informaci\u00f3n de la cuenta y elecciones de retenci\u00f3n de impuestos. Si deseas realizar cambios en cualquier informaci\u00f3n proporcionada, aseg\u00farate de que has iniciado sesi\u00f3n y env\u00eda la nueva informaci\u00f3n (en la medida en que lo permita el sitio), o ponte en contacto con United Benefits Group en el 1-800-816-5535.  <\/p>\n<p><strong>USO DE LA INFORMACI\u00d3N<\/strong><br \/>\nNo vendemos informaci\u00f3n de clientes a terceros. No compartimos la informaci\u00f3n de los clientes con terceros que deseen utilizarla con fines de marketing. Utilizamos la informaci\u00f3n recopilada principalmente para mantener tu cuenta del Plan o el beneficio acumulado, y para procesar las distribuciones a ti o a un beneficiario.  <\/p>\n<p><strong>COMPARTIR INFORMACI\u00d3N<\/strong><br \/>\nAl hacerlo, podemos compartir tu informaci\u00f3n con proveedores de servicios afiliados, como el fideicomisario, el custodio, el actuario, el auditor y\/o el encargado de los registros del plan. Estos proveedores de servicios nos prestan servicios a nosotros, a tu empresa y\/o a tu plan. No est\u00e1n autorizados a utilizar esa informaci\u00f3n para ning\u00fan otro fin que no sea la prestaci\u00f3n de esos servicios. Adem\u00e1s, podemos compartir esta informaci\u00f3n con otras entidades en determinadas circunstancias limitadas permitidas por la ley, como para prevenir o detectar el fraude, resolver una disputa, en respuesta a una solicitud de una agencia gubernamental, en respuesta a una citaci\u00f3n u orden judicial, o en relaci\u00f3n con una venta o fusi\u00f3n de todo o parte de nuestro negocio.   <\/p>\n<p><strong>SALVAGUARDAS<\/strong><br \/>\nSomos conscientes de la importancia de salvaguardar adecuadamente tu informaci\u00f3n. Mantenemos salvaguardas f\u00edsicas, electr\u00f3nicas y administrativas para proteger tu privacidad. Dichas salvaguardas seguir\u00e1n aplic\u00e1ndose cuando dejes de ser participante o beneficiario de un plan patrocinado o administrado por United Benefits Group.  <\/p>\n<p><strong>CAMBIOS EN NUESTRA<\/strong> POL\u00cdTICA DE PRIVACIDAD EN <strong>L\u00cdNEA<\/strong><br \/>\nUnited Benefits Group puede cambiar ocasionalmente nuestra pol\u00edtica de privacidad en l\u00ednea. Por lo tanto, te recomendamos que, para estar al tanto de dichos cambios, revises nuestra pol\u00edtica online de vez en cuando. <\/p>\n<p><strong>\u00bfC\u00d3MO PUEDES CONTACTAR CON NOSOTROS?<\/strong><br \/>\nPonte en contacto con United Benefits Group llamando al <a href=\"tel:8008165535\"><strong>1.800.816.5535<\/strong><\/a>o al apartado de correos 169005, Kansas City, Missouri 64116, si tienes alguna pregunta sobre nuestra protecci\u00f3n de tu privacidad.[\/vc_column_text][\/vc_column][\/vc_row]<\/p>\n<\/div>","protected":false},"excerpt":{"rendered":"<p>[vc_row full_width=\u00bbstretch_row_content\u00bb background_position_desktop=\u00bbcenter top\u00bb css=\u00bb.vc_custom_1726332012982{margin-bottom: 0px !important;background-image: url(https:\/\/ubgretire.com\/wp-content\/uploads\/2024\/09\/Header-Image_Terms-Privacy-scaled.jpg?id=261) !important;background-position: center !important;background-repeat: no-repeat !important;background-size: cover !important;}\u00bb el_class=\u00bbheaderrow\u00bb][vc_column css=\u00bb.vc_custom_1720799542297{margin-top: 0px !important;padding-top: 220px&#8230;<\/p>\n","protected":false},"author":1,"featured_media":929,"parent":0,"menu_order":0,"comment_status":"closed","ping_status":"closed","template":"","meta":{"_acf_changed":false,"footnotes":""},"class_list":["post-1850","page","type-page","status-publish","has-post-thumbnail"],"acf":[],"_links":{"self":[{"href":"https:\/\/ubgretire.com\/es\/wp-json\/wp\/v2\/pages\/1850","targetHints":{"allow":["GET"]}}],"collection":[{"href":"https:\/\/ubgretire.com\/es\/wp-json\/wp\/v2\/pages"}],"about":[{"href":"https:\/\/ubgretire.com\/es\/wp-json\/wp\/v2\/types\/page"}],"author":[{"embeddable":true,"href":"https:\/\/ubgretire.com\/es\/wp-json\/wp\/v2\/users\/1"}],"replies":[{"embeddable":true,"href":"https:\/\/ubgretire.com\/es\/wp-json\/wp\/v2\/comments?post=1850"}],"version-history":[{"count":2,"href":"https:\/\/ubgretire.com\/es\/wp-json\/wp\/v2\/pages\/1850\/revisions"}],"predecessor-version":[{"id":1854,"href":"https:\/\/ubgretire.com\/es\/wp-json\/wp\/v2\/pages\/1850\/revisions\/1854"}],"wp:featuredmedia":[{"embeddable":true,"href":"https:\/\/ubgretire.com\/es\/wp-json\/wp\/v2\/media\/929"}],"wp:attachment":[{"href":"https:\/\/ubgretire.com\/es\/wp-json\/wp\/v2\/media?parent=1850"}],"curies":[{"name":"wp","href":"https:\/\/api.w.org\/{rel}","templated":true}]}}